{"id":109,"date":"2023-05-11T08:49:01","date_gmt":"2023-05-11T11:49:01","guid":{"rendered":"https:\/\/sambahr.com\/es\/?page_id=109"},"modified":"2023-06-21T19:42:39","modified_gmt":"2023-06-21T18:42:39","slug":"hire-in-latam","status":"publish","type":"page","link":"https:\/\/sambahr.com\/es\/hire-in-latam\/","title":{"rendered":"Hire in Latam"},"content":{"rendered":"\n\t<section class=\"section latam-intro dark\" id=\"section_1569114802\">\n\t\t<div class=\"bg section-bg fill bg-fill  bg-loaded\" >\n\n\t\t\t\n\t\t\t\n\t\t\t\n\n\t\t<\/div>\n\n\t\t\n\n\t\t<div class=\"section-content relative\">\n\t\t\t\n\n\t<div id=\"gap-1234889677\" class=\"gap-element clearfix\" style=\"display:block; height:auto;\">\n\t\t\n<style>\n#gap-1234889677 {\n  padding-top: 210px;\n}\n<\/style>\n\t<\/div>\n\t\n\n<div class=\"row\"  id=\"row-1380419815\">\n\n\n\t<div id=\"col-265279364\" class=\"col medium-7 small-12 large-7\"  >\n\t\t\t\t<div class=\"col-inner\"  >\n\t\t\t\n\t\t\t\n\n\t<div id=\"text-311825062\" class=\"text\">\n\t\t\n\n<h1>Explorando el potencial <span class=\"underline\">del talento tech<\/span> en LATAM<\/h1>\n\t\t\n<style>\n#text-311825062 {\n  font-size: 1.75rem;\n}\n@media (min-width:550px) {\n  #text-311825062 {\n    font-size: 2.55rem;\n  }\n}\n<\/style>\n\t<\/div>\n\t\n\n\t\t<\/div>\n\t\t\t\t\t<\/div>\n\n\t\n\n\t<div id=\"col-753533417\" class=\"col hide-for-small medium-5 small-12 large-5\"  >\n\t\t\t\t<div class=\"col-inner\"  >\n\t\t\t\n\t\t\t\n\n\n\t\t<\/div>\n\t\t\t\t\t<\/div>\n\n\t\n\n\t<div id=\"col-1106638377\" class=\"col small-12 large-12\"  >\n\t\t\t\t<div class=\"col-inner\"  >\n\t\t\t\n\t\t\t\n\n\t<div id=\"text-3305248634\" class=\"text\">\n\t\t\n\n<p>Contratar profesionales en LATAM te permite acceder a un equipo de trabajo con habilidades destacadas y a un costo rentable. En Samba, sabemos c\u00f3mo navegar las diferencias culturales y reclutar talento en Am\u00e9rica Latina para que puedas tener \u00e9xito en este mercado din\u00e1mico y complejo.<\/p>\n\t\t\n<style>\n#text-3305248634 {\n  font-size: 1rem;\n}\n@media (min-width:550px) {\n  #text-3305248634 {\n    font-size: 1.5rem;\n  }\n}\n<\/style>\n\t<\/div>\n\t\n\n\t\t<\/div>\n\t\t\t\t\t<\/div>\n\n\t\n\n<\/div>\n\n\t\t<\/div>\n\n\t\t\n<style>\n#section_1569114802 {\n  padding-top: 30px;\n  padding-bottom: 30px;\n  background-color: #0e1131;\n}\n#section_1569114802 .ux-shape-divider--top svg {\n  height: 150px;\n  --divider-top-width: 100%;\n}\n#section_1569114802 .ux-shape-divider--bottom svg {\n  height: 150px;\n  --divider-width: 100%;\n}\n<\/style>\n\t<\/section>\n\t\n\t<section class=\"section latam-items\" id=\"section_504414554\">\n\t\t<div class=\"bg section-bg fill bg-fill  bg-loaded\" >\n\n\t\t\t\n\t\t\t\n\t\t\t\n\n\t\t<\/div>\n\n\t\t\n\n\t\t<div class=\"section-content relative\">\n\t\t\t\n\n<div class=\"row row-large\"  id=\"row-191615907\">\n\n\n\t<div id=\"col-197553449\" class=\"col medium-4 small-12 large-4\"  data-animate=\"fadeInUp\">\n\t\t\t\t<div class=\"col-inner\"  >\n\t\t\t\n\t\t\t\n\n\t<div id=\"text-1921824739\" class=\"text\">\n\t\t\n\n<h3>Beneficios de contratar profesionales de tecnolog\u00eda en LatAm<br>\n<\/h3>\n\t\t\n<style>\n#text-1921824739 {\n  font-size: 1.95rem;\n}\n<\/style>\n\t<\/div>\n\t\n\t\t<div class=\"title-line\">\n\t\t\t\t\n\n<svg width=\"310\" height=\"26\" viewBox=\"0 0 310 26\" fill=\"none\" xmlns=\"http:\/\/www.w3.org\/2000\/svg\">\n<path d=\"M309.5 25H10C5.02944 25 1 20.9706 1 16V0\" stroke=\"#00F37F\"><\/path>\n<\/svg>\n\t\t<\/div>\n\t\n\t<div id=\"gap-2434989\" class=\"gap-element clearfix\" style=\"display:block; height:auto;\">\n\t\t\n<style>\n#gap-2434989 {\n  padding-top: 60px;\n}\n<\/style>\n\t<\/div>\n\t\n\n\n\t\t<\/div>\n\t\t\t\t\n<style>\n#col-197553449 > .col-inner {\n  margin: 0px 0px 0px 0px;\n}\n@media (min-width:550px) {\n  #col-197553449 > .col-inner {\n    margin: 0px 0px 0px -30px;\n  }\n}\n<\/style>\n\t<\/div>\n\n\t\n\n\t<div id=\"col-1067063356\" class=\"col item-box medium-4 small-12 large-4\"  data-animate=\"fadeInUp\">\n\t\t\t\t<div class=\"col-inner\"  >\n\t\t\t\n\t\t\t\n\n<h3><span data-text-color=\"primary\">Pool de talento experto<\/span><\/h3>\n<p>LATAM cuenta con una poblaci\u00f3n en constante crecimiento de profesionales en tecnolog\u00eda, formados en prestigiosas universidades y programas de capacitaci\u00f3n. \u00a1Nosotros te conectamos con ellos!<\/p>\n\n\t\t<\/div>\n\t\t\t\t\t<\/div>\n\n\t\n\n\t<div id=\"col-241587019\" class=\"col item-box medium-4 small-12 large-4\"  data-animate=\"fadeInUp\">\n\t\t\t\t<div class=\"col-inner\"  >\n\t\t\t\n\t\t\t\n\n<h3><span data-text-color=\"primary\">Dominio de idiomas<\/span><\/h3>\n<p>Muchos candidatos en LATAM son biling\u00fces, lo cual es una ventaja para empresas con operaciones internacionales.<\/p>\n\n\t\t<\/div>\n\t\t\t\t\t<\/div>\n\n\t\n\n\t<div id=\"col-1784179803\" class=\"col item-box medium-4 small-12 large-4\"  data-animate=\"fadeInUp\">\n\t\t\t\t<div class=\"col-inner\"  >\n\t\t\t\n\t\t\t\n\n<h3><span data-text-color=\"primary\">Costos m\u00e1s accesibles<\/span><\/h3>\n<p>Contratar talento tecnol\u00f3gico en LATAM puede ser m\u00e1s econ\u00f3mico que en otras regiones como Estados Unidos o Europa. \u00a1Accede a un equipo rentable sin perder calidad!<\/p>\n\n\t\t<\/div>\n\t\t\t\t\t<\/div>\n\n\t\n\n\t<div id=\"col-1518734457\" class=\"col item-box medium-4 small-12 large-4\"  data-animate=\"fadeInUp\">\n\t\t\t\t<div class=\"col-inner\"  >\n\t\t\t\n\t\t\t\n\n<h3><span data-text-color=\"primary\">Conexi\u00f3n cultural<\/span><\/h3>\n<p>Al reclutar en LATAM, podr\u00e1s aprovechar una cultura que promueve el esfuerzo, la  dedicaci\u00f3n, el trabajo en equipo y las relaciones interpersonales. Esto te permitir\u00e1 crear un entorno colaborativo y estimulante.<\/p>\n\n\n\t\t<\/div>\n\t\t\t\t\t<\/div>\n\n\t\n\n\t<div id=\"col-1364095937\" class=\"col item-box medium-4 small-12 large-4\"  data-animate=\"fadeInUp\">\n\t\t\t\t<div class=\"col-inner\"  >\n\t\t\t\n\t\t\t\n\n<h3><span data-text-color=\"primary\">Sincron\u00eda horaria<\/span><\/h3>\n<p>LATAM comparte husos horarios con muchas empresas de Am\u00e9rica del Norte, facilitando la coordinaci\u00f3n y colaboraci\u00f3n con equipos de tecnolog\u00eda remoto.<\/p>\n\n\t\t<\/div>\n\t\t\t\t\t<\/div>\n\n\t\n\n<\/div>\n\n\t\t<\/div>\n\n\t\t\n<style>\n#section_504414554 {\n  padding-top: 120px;\n  padding-bottom: 120px;\n}\n#section_504414554 .ux-shape-divider--top svg {\n  height: 150px;\n  --divider-top-width: 100%;\n}\n#section_504414554 .ux-shape-divider--bottom svg {\n  height: 150px;\n  --divider-width: 100%;\n}\n<\/style>\n\t<\/section>\n\t\n<a href=\"https:\/\/calendly.com\/meetsamba\/45min\" target=\"_self\" class=\"button primary is-large btnLetsTalk\"  style=\"border-radius:99px;\">\n    <span>Hablemos!<\/span>\n  <\/a>\n\n","protected":false},"excerpt":{"rendered":"","protected":false},"author":3,"featured_media":0,"parent":0,"menu_order":0,"comment_status":"closed","ping_status":"closed","template":"page-blank.php","meta":{"inline_featured_image":false,"footnotes":""},"class_list":["post-109","page","type-page","status-publish","hentry"],"_links":{"self":[{"href":"https:\/\/sambahr.com\/es\/wp-json\/wp\/v2\/pages\/109"}],"collection":[{"href":"https:\/\/sambahr.com\/es\/wp-json\/wp\/v2\/pages"}],"about":[{"href":"https:\/\/sambahr.com\/es\/wp-json\/wp\/v2\/types\/page"}],"author":[{"embeddable":true,"href":"https:\/\/sambahr.com\/es\/wp-json\/wp\/v2\/users\/3"}],"replies":[{"embeddable":true,"href":"https:\/\/sambahr.com\/es\/wp-json\/wp\/v2\/comments?post=109"}],"version-history":[{"count":27,"href":"https:\/\/sambahr.com\/es\/wp-json\/wp\/v2\/pages\/109\/revisions"}],"predecessor-version":[{"id":513,"href":"https:\/\/sambahr.com\/es\/wp-json\/wp\/v2\/pages\/109\/revisions\/513"}],"wp:attachment":[{"href":"https:\/\/sambahr.com\/es\/wp-json\/wp\/v2\/media?parent=109"}],"curies":[{"name":"wp","href":"https:\/\/api.w.org\/{rel}","templated":true}]}}